{"id":2,"date":"2011-07-04T22:29:30","date_gmt":"2011-07-04T22:29:30","guid":{"rendered":"http:\/\/www.pyduc.com\/v3\/?page_id=2"},"modified":"2023-11-09T09:29:57","modified_gmt":"2023-11-09T08:29:57","slug":"page-d-exemple","status":"publish","type":"page","link":"https:\/\/www.pyduc.com\/?page_id=2","title":{"rendered":"&Agrave; propos"},"content":{"rendered":"<p><img loading=\"lazy\" decoding=\"async\" class=\"size-full wp-image-3388 alignright\" src=\"https:\/\/www.pyduc.com\/v3\/..\/fichiers\/2023\/11\/2020-08-13_py_orage_tn.jpg\" alt=\"2020-08-13 py - orage\" width=\"250\" height=\"250\" srcset=\"https:\/\/www.pyduc.com\/v3\/..\/fichiers\/2023\/11\/2020-08-13_py_orage_tn.jpg 250w, https:\/\/www.pyduc.com\/v3\/..\/fichiers\/2023\/11\/2020-08-13_py_orage_tn-150x150.jpg 150w\" sizes=\"auto, (max-width: 250px) 100vw, 250px\" \/><\/p>\n<p>Dreux, jeudi 9 novembre 2023<\/p>\n<p>\u00c0\u00a0propos, pyduc.com (anciennement les pages py) est en ligne depuis ao\u00fbt 1999, pour passer le temps et partager photos, musique, etc. avec vous qui me connaissez s\u00fbrement, sinon je m&rsquo;\u00e9tonne que vous lisiez ces lignes.<\/p>\n<p>J&rsquo;h\u00e9berge aussi les sites officieux des groupes <a title=\"Warum Joe\" href=\"http:\/wj.pyduc.com\">Warum Joe<\/a> et <a title=\"Dog Faced Hermans\" href=\"http:\/\/dfh.pyduc.com\">Dog Faced Hermans<\/a>, parce qu&rsquo;en 1999, personne ne s&rsquo;y \u00e9tait coll\u00e9 et sur le Web, les infos \u00e9taient tr\u00e8s rares. Les mises \u00e0\u00a0jour n&rsquo;y sont pas fr\u00e9quentes, mais \u00e0 ma d\u00e9charge, le premier sort un album tous les dix ans et l&rsquo;autre n&rsquo;existe plus depuis 1995.<\/p>\n<p>Vous pouvez m&rsquo;\u00e9crire un message gentil \u00e0 cette adresse\u00a0:<\/p>\n<p><img loading=\"lazy\" decoding=\"async\" class=\"alignnone size-full wp-image-149\" title=\"py [chez(ah ces spams)] pyduc [point] com\" src=\"http:\/\/www.pyduc.com\/v3\/..\/fichiers\/2011\/07\/contactpy_new.gif\" alt=\"py [chez(ah ces spams)] pyduc [point] com\" width=\"140\" height=\"35\" \/><\/p>\n<p>Ailleurs sur le Web\u00a0:<\/p>\n<ul>\n<li><a title=\"Facebook\" href=\"https:\/\/www.facebook.com\/pyducarre\" target=\"web\" rel=\"noopener noreferrer\">Facebook<\/a><\/li>\n<li><a title=\"Facebook\" href=\"https:\/\/www.instagram.com\/pyducarre\" target=\"web\" rel=\"noopener noreferrer\">Instagram<\/a><\/li>\n<li><a title=\"Tumblr\" href=\"https:\/\/pyduc.tumblr.com\/\" target=\"web\" rel=\"noopener noreferrer\">Tumblr<\/a><\/li>\n<li><a title=\"Blogger\" href=\"https:\/\/pyduc.blogspot.com\/\" target=\"web\" rel=\"noopener noreferrer\">Blogger<\/a> (suspendu)<\/li>\n<li><a title=\"Flickr\" href=\"https:\/\/www.flickr.com\/photos\/pyduc\/\" target=\"web\" rel=\"noopener noreferrer\">Flickr<\/a><\/li>\n<li><a title=\"Issuu\" href=\"https:\/\/issuu.com\/pyduc\" target=\"web\" rel=\"noopener noreferrer\">Issuu<\/a><\/li>\n<li><a title=\"Blurb\" href=\"https:\/\/www.blurb.com\/user\/pyduc\" target=\"web\" rel=\"noopener noreferrer\">Blurb<\/a><\/li>\n<li><a title=\"Youtube\" href=\"https:\/\/www.youtube.com\/user\/pyduc\" target=\"web\" rel=\"noopener noreferrer\">Youtube <\/a><\/li>\n<li><a title=\"Dailymotion\" href=\"https:\/\/www.dailymotion.com\/pyduc\" target=\"web\" rel=\"noopener noreferrer\">Dailymotion<\/a><\/li>\n<li><a title=\"Twitter\" href=\"https:\/\/twitter.com\/pyducarre\" target=\"web\" rel=\"noopener noreferrer\">Twitter<\/a><\/li>\n<\/ul>\n<p>Bise,<\/p>\n<p>py<\/p>\n","protected":false},"excerpt":{"rendered":"<p>Dreux, jeudi 9 novembre 2023 \u00c0\u00a0propos, pyduc.com (anciennement les pages py) est en ligne depuis ao\u00fbt 1999, pour passer le&hellip;<\/p>\n","protected":false},"author":1,"featured_media":0,"parent":0,"menu_order":0,"comment_status":"open","ping_status":"open","template":"","meta":{"footnotes":""},"class_list":["post-2","page","type-page","status-publish","hentry"],"_links":{"self":[{"href":"https:\/\/www.pyduc.com\/index.php?rest_route=\/wp\/v2\/pages\/2","targetHints":{"allow":["GET"]}}],"collection":[{"href":"https:\/\/www.pyduc.com\/index.php?rest_route=\/wp\/v2\/pages"}],"about":[{"href":"https:\/\/www.pyduc.com\/index.php?rest_route=\/wp\/v2\/types\/page"}],"author":[{"embeddable":true,"href":"https:\/\/www.pyduc.com\/index.php?rest_route=\/wp\/v2\/users\/1"}],"replies":[{"embeddable":true,"href":"https:\/\/www.pyduc.com\/index.php?rest_route=%2Fwp%2Fv2%2Fcomments&post=2"}],"version-history":[{"count":17,"href":"https:\/\/www.pyduc.com\/index.php?rest_route=\/wp\/v2\/pages\/2\/revisions"}],"predecessor-version":[{"id":3390,"href":"https:\/\/www.pyduc.com\/index.php?rest_route=\/wp\/v2\/pages\/2\/revisions\/3390"}],"wp:attachment":[{"href":"https:\/\/www.pyduc.com\/index.php?rest_route=%2Fwp%2Fv2%2Fmedia&parent=2"}],"curies":[{"name":"wp","href":"https:\/\/api.w.org\/{rel}","templated":true}]}}